{"id":1143,"date":"2015-03-13T18:25:58","date_gmt":"2015-03-13T17:25:58","guid":{"rendered":"https:\/\/www.origami-bikini.hu\/bikinis\/origami-2015\/"},"modified":"2019-03-15T14:58:35","modified_gmt":"2019-03-15T13:58:35","slug":"origami-2015","status":"publish","type":"page","link":"https:\/\/www.origami-bikini.hu\/en\/bikinis\/origami-2015\/","title":{"rendered":"Origami 2015."},"content":{"rendered":"<div class=\"row-fluid\">\n<div class=\"span12\" style=\"text-align: center; padding-bottom: 20px;\"><img decoding=\"async\" alt=\"origami-the.original-logo\" src=\"https:\/\/www.origami-bikini.hu\/wp-content\/uploads\/2015\/03\/origami-the.original-logo.png\" \/><\/div>\n<\/div>\n<div class=\"row-fluid\">\n<div class=\"span12\">\n<div class=\"span6\"><strong><span style=\"font-size: 18px;\">Gyere vel\u00fcnk Miami csod\u00e1s vil\u00e1g\u00e1ba!<\/span><\/strong>\u00c9rezd a naps\u00fct\u00e9st, az \u00f3ce\u00e1n illat\u00e1t, a l\u00e1gy szell\u0151t, ahogyan a b\u0151r\u00f6det simogatja! Ezt mind idevar\u00e1zsoltuk Neked Miamib\u00f3l az \u00faj kollekci\u00f3nkba. M\u00e1r csak R\u00e1d v\u00e1r egy vid\u00e1m bikini, hogy \u00e9letre keljen az \u00e1lom! Mert r\u00e9g\u00f3ta hajtogatjuk: \u201cM\u00e1sok csak pr\u00f3b\u00e1lkoznak, az Origamis csajok h\u00f3d\u00edtanak!&#8221;<\/p>\n<\/div>\n<div class=\"span6\"><strong>ORIGAMI 2015 CREDITS:<\/strong><br \/>\n<strong>models<\/strong> Linda Zimany, Lili Kiraly (Miss Balaton 2014.)<br \/>\n<strong>photographer<\/strong> Peter Juhasz | <strong>post production<\/strong> Bogi Hornyak<br \/>\n<strong>make-up<\/strong> Dominique Roberts | <strong>hair stylist<\/strong> Beci Marosi<br \/>\n<strong>production manager<\/strong> Monika Kardos, Laszlo Adok | <strong>layout<\/strong> Kata Csikasz<br \/>\n<strong>designer &amp; owner<\/strong> Evelin Segesvary | <strong>owner<\/strong> Attila Segesvary<\/div>\n<\/div>\n<\/div>\n","protected":false},"excerpt":{"rendered":"<p>Gyere vel\u00fcnk Miami csod\u00e1s vil\u00e1g\u00e1ba!\u00c9rezd a naps\u00fct\u00e9st, az \u00f3ce\u00e1n illat\u00e1t, a l\u00e1gy szell\u0151t, ahogyan a b\u0151r\u00f6det simogatja! Ezt mind idevar\u00e1zsoltuk Neked Miamib\u00f3l az \u00faj kollekci\u00f3nkba. M\u00e1r csak R\u00e1d v\u00e1r egy vid\u00e1m bikini, hogy \u00e9letre keljen az \u00e1lom! Mert r\u00e9g\u00f3ta hajtogatjuk: \u201cM\u00e1sok csak pr\u00f3b\u00e1lkoznak, az Origamis csajok h\u00f3d\u00edtanak!&#8221; ORIGAMI 2015 CREDITS: models Linda Zimany, Lili Kiraly<\/p>\n","protected":false},"author":2,"featured_media":0,"parent":1141,"menu_order":0,"comment_status":"closed","ping_status":"open","template":"","meta":{"_crdt_document":"","inline_featured_image":false,"footnotes":""},"class_list":["post-1143","page","type-page","status-publish","hentry"],"_links":{"self":[{"href":"https:\/\/www.origami-bikini.hu\/en\/wp-json\/wp\/v2\/pages\/1143","targetHints":{"allow":["GET"]}}],"collection":[{"href":"https:\/\/www.origami-bikini.hu\/en\/wp-json\/wp\/v2\/pages"}],"about":[{"href":"https:\/\/www.origami-bikini.hu\/en\/wp-json\/wp\/v2\/types\/page"}],"author":[{"embeddable":true,"href":"https:\/\/www.origami-bikini.hu\/en\/wp-json\/wp\/v2\/users\/2"}],"replies":[{"embeddable":true,"href":"https:\/\/www.origami-bikini.hu\/en\/wp-json\/wp\/v2\/comments?post=1143"}],"version-history":[{"count":0,"href":"https:\/\/www.origami-bikini.hu\/en\/wp-json\/wp\/v2\/pages\/1143\/revisions"}],"up":[{"embeddable":true,"href":"https:\/\/www.origami-bikini.hu\/en\/wp-json\/wp\/v2\/pages\/1141"}],"wp:attachment":[{"href":"https:\/\/www.origami-bikini.hu\/en\/wp-json\/wp\/v2\/media?parent=1143"}],"curies":[{"name":"wp","href":"https:\/\/api.w.org\/{rel}","templated":true}]}}